{"id":1438,"date":"2024-03-10T18:19:32","date_gmt":"2024-03-10T17:19:32","guid":{"rendered":"https:\/\/www.kum-kum.fr\/agenda\/"},"modified":"2024-07-23T23:45:16","modified_gmt":"2024-07-23T21:45:16","slug":"agenda","status":"publish","type":"page","link":"https:\/\/www.kum-kum.fr\/es\/agenda\/","title":{"rendered":"Agenda"},"content":{"rendered":"\t\t<div data-elementor-type=\"wp-page\" data-elementor-id=\"1438\" class=\"elementor elementor-1438 elementor-223\" data-elementor-post-type=\"page\">\n\t\t\t\t<div class=\"elementor-element elementor-element-77afea5 e-flex e-con-boxed e-con e-parent\" data-id=\"77afea5\" data-element_type=\"container\" data-e-type=\"container\">\n\t\t\t\t\t<div class=\"e-con-inner\">\n\t\t\t\t<div class=\"elementor-element elementor-element-a0f3462 elementor-widget elementor-widget-heading\" data-id=\"a0f3462\" data-element_type=\"widget\" data-e-type=\"widget\" data-widget_type=\"heading.default\">\n\t\t\t\t<div class=\"elementor-widget-container\">\n\t\t\t\t\t<h1 class=\"elementor-heading-title elementor-size-default\">Agenda<\/h1>\t\t\t\t<\/div>\n\t\t\t\t<\/div>\n\t\t\t\t\t<\/div>\n\t\t\t\t<\/div>\n\t\t<div class=\"elementor-element elementor-element-188d0b3 e-flex e-con-boxed e-con e-parent\" data-id=\"188d0b3\" data-element_type=\"container\" data-e-type=\"container\">\n\t\t\t\t\t<div class=\"e-con-inner\">\n\t\t\t\t<div class=\"elementor-element elementor-element-2766109 trait-left p-nomargin elementor-widget elementor-widget-text-editor\" data-id=\"2766109\" data-element_type=\"widget\" data-e-type=\"widget\" data-widget_type=\"text-editor.default\">\n\t\t\t\t<div class=\"elementor-widget-container\">\n\t\t\t\t\t\t\t\t\t<p>Para estar al d\u00eda de nuestras novedades, s\u00edganos en Facebook, Instagram y Youtube : <\/p>\n\t\t\t\t\t\t\t\t<\/div>\n\t\t\t\t<\/div>\n\t\t\t\t<div class=\"elementor-element elementor-element-51da167 elementor-shape-circle elementor-grid-0 e-grid-align-center elementor-widget elementor-widget-social-icons\" data-id=\"51da167\" data-element_type=\"widget\" data-e-type=\"widget\" data-widget_type=\"social-icons.default\">\n\t\t\t\t<div class=\"elementor-widget-container\">\n\t\t\t\t\t\t\t<div class=\"elementor-social-icons-wrapper elementor-grid\" role=\"list\">\n\t\t\t\t\t\t\t<span class=\"elementor-grid-item\" role=\"listitem\">\n\t\t\t\t\t<a class=\"elementor-icon elementor-social-icon elementor-social-icon-facebook elementor-repeater-item-2ec4902\" href=\"https:\/\/www.facebook.com\/KumKumShow\" target=\"_blank\">\n\t\t\t\t\t\t<span class=\"elementor-screen-only\">Facebook<\/span>\n\t\t\t\t\t\t<i aria-hidden=\"true\" class=\"fab fa-facebook\"><\/i>\t\t\t\t\t<\/a>\n\t\t\t\t<\/span>\n\t\t\t\t\t\t\t<span class=\"elementor-grid-item\" role=\"listitem\">\n\t\t\t\t\t<a class=\"elementor-icon elementor-social-icon elementor-social-icon-instagram elementor-repeater-item-5aff3c2\" href=\"https:\/\/www.instagram.com\/kumkumartist\/\" target=\"_blank\">\n\t\t\t\t\t\t<span class=\"elementor-screen-only\">Instagram<\/span>\n\t\t\t\t\t\t<i aria-hidden=\"true\" class=\"fab fa-instagram\"><\/i>\t\t\t\t\t<\/a>\n\t\t\t\t<\/span>\n\t\t\t\t\t\t\t<span class=\"elementor-grid-item\" role=\"listitem\">\n\t\t\t\t\t<a class=\"elementor-icon elementor-social-icon elementor-social-icon-youtube elementor-repeater-item-f228aff\" href=\"https:\/\/www.youtube.com\/@KumKumArtist\" target=\"_blank\">\n\t\t\t\t\t\t<span class=\"elementor-screen-only\">Youtube<\/span>\n\t\t\t\t\t\t<i aria-hidden=\"true\" class=\"fab fa-youtube\"><\/i>\t\t\t\t\t<\/a>\n\t\t\t\t<\/span>\n\t\t\t\t\t<\/div>\n\t\t\t\t\t\t<\/div>\n\t\t\t\t<\/div>\n\t\t\t\t\t<\/div>\n\t\t\t\t<\/div>\n\t\t<div class=\"elementor-element elementor-element-2051749 e-flex e-con-boxed e-con e-parent\" data-id=\"2051749\" data-element_type=\"container\" data-e-type=\"container\">\n\t\t\t\t\t<div class=\"e-con-inner\">\n\t\t\t\t<div class=\"elementor-element elementor-element-79442ad elementor-widget elementor-widget-shortcode\" data-id=\"79442ad\" data-element_type=\"widget\" data-e-type=\"widget\" data-widget_type=\"shortcode.default\">\n\t\t\t\t<div class=\"elementor-widget-container\">\n\t\t\t\t\t\t\t<div class=\"elementor-shortcode\"><h3 class=\"date-month\">MAYO 2026<\/h3><table class=\"agenda \"><tr><td width=\"15%\"><span class=\"date-title\">13\/05\/2026<\/span><\/td><td width=\"25%\">Les Ponts-de-C\u00e9 (49)<\/td><td width=\"20%\">Compagnie KumAnati<\/td><td width=\"40%\">La Baill\u00e9e des Filles<\/td><\/tr><tr><td width=\"15%\"><span class=\"date-title\">14\/05\/2026<\/span><\/td><td width=\"25%\">Les Ponts-de-C\u00e9 (49)<\/td><td width=\"20%\"><a href=\"https:\/\/www.kum-kum.fr\/es\/prestation\/medieval\/\"><strong>Medieval<\/strong><\/a><\/td><td width=\"40%\">La Baill\u00e9e des filles<\/td><\/tr><tr><td width=\"15%\"><span class=\"date-title\">16\/05\/2026<\/span><\/td><td width=\"25%\">Brest (29)<\/td><td width=\"20%\"><a href=\"https:\/\/www.kum-kum.fr\/es\/prestation\/performance\/\"><strong>Performance<\/strong><\/a><\/td><td width=\"40%\">Show fin de saison Stade Brestois (stade Francis Le Bl\u00e9)<\/td><\/tr><tr><td width=\"15%\"><span class=\"date-title\">23,24\/05\/2026<\/span><\/td><td width=\"25%\">Novara (Italie)<\/td><td width=\"20%\"><a href=\"https:\/\/www.kum-kum.fr\/es\/prestation\/goa\/\"><strong>Goa<\/strong><\/a><\/td><td width=\"40%\">Festivart<\/td><\/tr><\/table><h3 class=\"date-month\">JUNIO 2026<\/h3><table class=\"agenda \"><tr><td width=\"15%\"><span class=\"date-title\">16\/06\/2026<\/span><\/td><td width=\"25%\">Rez\u00e9 (44)<\/td><td width=\"20%\"><a href=\"https:\/\/www.kum-kum.fr\/es\/prestation\/goa\/\"><strong>Goa<\/strong><\/a><\/td><td width=\"40%\">CSC Ch\u00e2teau (Prestation Priv\u00e9)<\/td><\/tr><tr><td width=\"15%\"><span class=\"date-title\">20\/06\/2026<\/span><\/td><td width=\"25%\">Vernoil-Le-Fourrier (49)<\/td><td width=\"20%\"><a href=\"https:\/\/www.kum-kum.fr\/es\/prestation\/goa\/\"><strong>Goa<\/strong><\/a><\/td><td width=\"40%\">F\u00eate de la Saint Jean<\/td><\/tr><\/table><h3 class=\"date-month\">JULIO 2026<\/h3><table class=\"agenda \"><tr><td width=\"15%\"><span class=\"date-title\">04\/07\/2026<\/span><\/td><td width=\"25%\">Le Gu\u00e9-de-Velluire (85)<\/td><td width=\"20%\"><a href=\"https:\/\/www.kum-kum.fr\/es\/prestation\/boda\/\"><strong>Boda<\/strong><\/a><\/td><td width=\"40%\">Prestation priv\u00e9e (Compagnie KumAnati)<\/td><\/tr><tr><td width=\"15%\"><span class=\"date-title\">08\/07\/2026<\/span><\/td><td width=\"25%\">P\u00e9nestin (56)<\/td><td width=\"20%\"><a href=\"https:\/\/www.kum-kum.fr\/es\/prestation\/medieval\/\"><strong>Medieval<\/strong><\/a><\/td><td width=\"40%\">Prestation priv\u00e9e<\/td><\/tr><tr><td width=\"15%\"><span class=\"date-title\">11,12\/07\/2026<\/span><\/td><td width=\"25%\">Calalzo di Cadore (Italie)<\/td><td width=\"20%\"><a href=\"https:\/\/www.kum-kum.fr\/es\/prestation\/goa\/\"><strong>Goa<\/strong><\/a><\/td><td width=\"40%\">Festival Immaginaria<\/td><\/tr><tr><td width=\"15%\"><span class=\"date-title\">13\/07\/2026<\/span><\/td><td width=\"25%\">Frontenay-Rohan-Rohan (79)<\/td><td width=\"20%\">Compagnie KumAnati<\/td><td width=\"40%\">F\u00eate Nationale<\/td><\/tr><tr><td width=\"15%\"><span class=\"date-title\">15\/07\/2026<\/span><\/td><td width=\"25%\">Ch\u00e2teaulin (29)<\/td><td width=\"20%\"><a href=\"https:\/\/www.kum-kum.fr\/es\/prestation\/barna\/\"><strong>Barna<\/strong><\/a><\/td><td width=\"40%\">Prestation priv\u00e9e<\/td><\/tr><tr><td width=\"15%\"><span class=\"date-title\">17\/07\/2026<\/span><\/td><td width=\"25%\">Dou\u00e9-en-Anjou<\/td><td width=\"20%\"><a href=\"https:\/\/www.kum-kum.fr\/es\/prestation\/etincelle\/\"><strong>Etincelle<\/strong><\/a><\/td><td width=\"40%\">March\u00e9 nocturne<\/td><\/tr><tr><td width=\"15%\"><span class=\"date-title\">18\/07\/2026<\/span><\/td><td width=\"25%\">Chaumes-en-Retz (44)<\/td><td width=\"20%\"><a href=\"https:\/\/www.kum-kum.fr\/es\/prestation\/boda\/\"><strong>Boda<\/strong><\/a><\/td><td width=\"40%\">Prestation Priv\u00e9e (Compagnie KumAnati)<\/td><\/tr><tr><td width=\"15%\"><span class=\"date-title\">20\/07\/2026<\/span><\/td><td width=\"25%\">Sevrier (74)<\/td><td width=\"20%\"><a href=\"https:\/\/www.kum-kum.fr\/es\/prestation\/goa\/\"><strong>Goa<\/strong><\/a><\/td><td width=\"40%\">Camping (priv\u00e9)<\/td><\/tr><tr><td width=\"15%\"><span class=\"date-title\">21\/07\/2026<\/span><\/td><td width=\"25%\">Massignieux-de-Rives (01)<\/td><td width=\"20%\"><a href=\"https:\/\/www.kum-kum.fr\/es\/prestation\/goa\/\"><strong>Goa<\/strong><\/a><\/td><td width=\"40%\">Camping (priv\u00e9)<\/td><\/tr><tr><td width=\"15%\"><span class=\"date-title\">22, 23, 24, 25, 26\/07\/2026<\/span><\/td><td width=\"25%\">Ch\u00e2teau d'Oex (Suisse)<\/td><td width=\"20%\"><a href=\"https:\/\/www.kum-kum.fr\/es\/prestation\/goa\/\"><strong>Goa<\/strong><\/a><\/td><td width=\"40%\">Festival au Pays des Enfants<\/td><\/tr><tr><td width=\"15%\"><span class=\"date-title\">27\/07\/2026<\/span><\/td><td width=\"25%\">Dompierre (71)<\/td><td width=\"20%\"><a href=\"https:\/\/www.kum-kum.fr\/es\/prestation\/goa\/\"><strong>Goa<\/strong><\/a><\/td><td width=\"40%\">camping (priv\u00e9)<\/td><\/tr><tr><td width=\"15%\"><span class=\"date-title\">28\/07\/2026<\/span><\/td><td width=\"25%\">Marsannes (26)<\/td><td width=\"20%\"><a href=\"https:\/\/www.kum-kum.fr\/es\/prestation\/goa\/\"><strong>Goa<\/strong><\/a><\/td><td width=\"40%\">Camping (priv\u00e9)<\/td><\/tr><\/table><h3 class=\"date-month\">AGOSTO 2026<\/h3><table class=\"agenda \"><tr><td width=\"15%\"><span class=\"date-title\">17\/08\/2026<\/span><\/td><td width=\"25%\">Sallertaine (85)<\/td><td width=\"20%\"><a href=\"https:\/\/www.kum-kum.fr\/es\/prestation\/performance\/\"><strong>Performance<\/strong><\/a><\/td><td width=\"40%\">La Nuit du Feu<\/td><\/tr><\/table><\/div>\n\t\t\t\t\t\t<\/div>\n\t\t\t\t<\/div>\n\t\t\t\t\t<\/div>\n\t\t\t\t<\/div>\n\t\t<div class=\"elementor-element elementor-element-fde45fc e-con-full e-flex e-con e-parent\" data-id=\"fde45fc\" data-element_type=\"container\" data-e-type=\"container\">\n\t\t\t\t<div class=\"elementor-element elementor-element-924907b elementor-widget elementor-widget-template\" data-id=\"924907b\" data-element_type=\"widget\" data-e-type=\"widget\" data-widget_type=\"template.default\">\n\t\t\t\t<div class=\"elementor-widget-container\">\n\t\t\t\t\t\t\t<div class=\"elementor-template\">\n\t\t\t\t\t<div data-elementor-type=\"container\" data-elementor-id=\"1581\" class=\"elementor elementor-1581 elementor-1103 elementor-1103\" data-elementor-post-type=\"elementor_library\">\n\t\t\t\t<div class=\"elementor-element elementor-element-2212d4c5 e-flex e-con-boxed e-con e-parent\" data-id=\"2212d4c5\" data-element_type=\"container\" data-e-type=\"container\">\n\t\t\t\t\t<div class=\"e-con-inner\">\n\t\t<div class=\"elementor-element elementor-element-2e7b7b36 e-flex e-con-boxed e-con e-child\" data-id=\"2e7b7b36\" data-element_type=\"container\" data-e-type=\"container\" data-settings=\"{&quot;background_background&quot;:&quot;classic&quot;}\">\n\t\t\t\t\t<div class=\"e-con-inner\">\n\t\t\t\t<div class=\"elementor-element elementor-element-2e34e3e9 elementor-widget elementor-widget-heading\" data-id=\"2e34e3e9\" data-element_type=\"widget\" data-e-type=\"widget\" data-widget_type=\"heading.default\">\n\t\t\t\t<div class=\"elementor-widget-container\">\n\t\t\t\t\t<h2 class=\"elementor-heading-title elementor-size-default\"><br>\u00bfDesea m\u00e1s informaci\u00f3n sobre nuestros servicioso reservar un espect\u00e1culo?<\/h2>\t\t\t\t<\/div>\n\t\t\t\t<\/div>\n\t\t\t\t<div class=\"elementor-element elementor-element-221126cf elementor-align-center btn-fleche elementor-widget elementor-widget-button\" data-id=\"221126cf\" data-element_type=\"widget\" data-e-type=\"widget\" data-widget_type=\"button.default\">\n\t\t\t\t<div class=\"elementor-widget-container\">\n\t\t\t\t\t\t\t\t\t<div class=\"elementor-button-wrapper\">\n\t\t\t\t\t<a class=\"elementor-button elementor-button-link elementor-size-sm\" href=\"https:\/\/www.kum-kum.fr\/es\/contacto\/\">\n\t\t\t\t\t\t<span class=\"elementor-button-content-wrapper\">\n\t\t\t\t\t\t<span class=\"elementor-button-icon\">\n\t\t\t\t<svg xmlns=\"http:\/\/www.w3.org\/2000\/svg\" width=\"30\" height=\"16\" viewBox=\"0 0 30 16\" fill=\"none\"><path d=\"M29.0193 7.96696L22.0141 0.99296C21.8942 0.903026 21.7459 0.859348 21.5964 0.869974C21.4469 0.8806 21.3062 0.944816 21.2002 1.0508C21.0942 1.15679 21.03 1.29744 21.0194 1.44695C21.0088 1.59646 21.0524 1.7448 21.1424 1.86471L27.0578 7.78016L14.1461 7.78016C13.981 7.78016 13.8226 7.84576 13.7058 7.96253C13.589 8.07931 13.5234 8.2377 13.5234 8.40284C13.5234 8.56799 13.589 8.72636 13.7058 8.84314C13.8226 8.95991 13.981 9.02552 14.1461 9.02552L27.089 9.02552L21.1735 14.941C21.1143 14.9971 21.0672 15.0647 21.035 15.1397C21.0028 15.2146 20.9862 15.2953 20.9862 15.3768C20.9862 15.4584 21.0028 15.5391 21.035 15.6141C21.0672 15.689 21.1143 15.7566 21.1735 15.8127C21.2297 15.8719 21.2972 15.919 21.3722 15.9512C21.4471 15.9834 21.5278 16 21.6094 16C21.6909 16 21.7716 15.9834 21.8466 15.9512C21.9215 15.919 21.9891 15.8719 22.0453 15.8127L29.0193 8.83871C29.1366 8.72374 29.2037 8.56709 29.2061 8.40284C29.1765 8.24563 29.1127 8.09683 29.0193 7.96696Z\" fill=\"url(#paint0_linear_327_441)\"><\/path><defs><linearGradient id=\"paint0_linear_327_441\" x1=\"8.22471\" y1=\"0.869213\" x2=\"29.207\" y2=\"0.869212\" gradientUnits=\"userSpaceOnUse\"><stop stop-color=\"#FFC178\"><\/stop><stop offset=\"1\" stop-color=\"white\"><\/stop><\/linearGradient><\/defs><\/svg>\t\t\t<\/span>\n\t\t\t\t\t\t\t\t\t<span class=\"elementor-button-text\">Contactar con Kum-Kum<\/span>\n\t\t\t\t\t<\/span>\n\t\t\t\t\t<\/a>\n\t\t\t\t<\/div>\n\t\t\t\t\t\t\t\t<\/div>\n\t\t\t\t<\/div>\n\t\t\t\t\t<\/div>\n\t\t\t\t<\/div>\n\t\t\t\t\t<\/div>\n\t\t\t\t<\/div>\n\t\t\t\t<\/div>\n\t\t\t\t<\/div>\n\t\t\t\t\t\t<\/div>\n\t\t\t\t<\/div>\n\t\t\t\t<\/div>\n\t\t\t\t<\/div>\n\t\t","protected":false},"excerpt":{"rendered":"<p>Agenda Para estar al d\u00eda de nuestras novedades, s\u00edganos en Facebook, Instagram y Youtube : Facebook Instagram Youtube<\/p>\n","protected":false},"author":1,"featured_media":0,"parent":0,"menu_order":0,"comment_status":"closed","ping_status":"closed","template":"","meta":{"_acf_changed":false,"_monsterinsights_skip_tracking":false,"_monsterinsights_sitenote_active":false,"_monsterinsights_sitenote_note":"","_monsterinsights_sitenote_category":0,"_uf_show_specific_survey":0,"_uf_disable_surveys":false,"footnotes":""},"class_list":["post-1438","page","type-page","status-publish","hentry"],"acf":[],"yoast_head":"<!-- This site is optimized with the Yoast SEO plugin v27.5 - https:\/\/yoast.com\/product\/yoast-seo-wordpress\/ -->\n<title>Agenda - Kum-Kum Artiste de rue<\/title>\n<meta name=\"description\" content=\"Descubra las pr\u00f3ximas fechas para vivir un espect\u00e1culo de fuego a cargo del artista callejero Kum-Kum\" \/>\n<meta name=\"robots\" content=\"index, follow, max-snippet:-1, max-image-preview:large, max-video-preview:-1\" \/>\n<link rel=\"canonical\" href=\"https:\/\/www.kum-kum.fr\/es\/agenda\/\" \/>\n<meta property=\"og:locale\" content=\"es_ES\" \/>\n<meta property=\"og:type\" content=\"article\" \/>\n<meta property=\"og:title\" content=\"Agenda - Kum-Kum Artiste de rue\" \/>\n<meta property=\"og:description\" content=\"Descubra las pr\u00f3ximas fechas para vivir un espect\u00e1culo de fuego a cargo del artista callejero Kum-Kum\" \/>\n<meta property=\"og:url\" content=\"https:\/\/www.kum-kum.fr\/es\/agenda\/\" \/>\n<meta property=\"og:site_name\" content=\"Kum-Kum Artiste de rue\" \/>\n<meta property=\"article:modified_time\" content=\"2024-07-23T21:45:16+00:00\" \/>\n<meta name=\"twitter:card\" content=\"summary_large_image\" \/>\n<script type=\"application\/ld+json\" class=\"yoast-schema-graph\">{\"@context\":\"https:\\\/\\\/schema.org\",\"@graph\":[{\"@type\":\"WebPage\",\"@id\":\"https:\\\/\\\/www.kum-kum.fr\\\/es\\\/agenda\\\/\",\"url\":\"https:\\\/\\\/www.kum-kum.fr\\\/es\\\/agenda\\\/\",\"name\":\"Agenda - Kum-Kum Artiste de rue\",\"isPartOf\":{\"@id\":\"https:\\\/\\\/www.kum-kum.fr\\\/es\\\/#website\"},\"datePublished\":\"2024-03-10T17:19:32+00:00\",\"dateModified\":\"2024-07-23T21:45:16+00:00\",\"description\":\"Descubra las pr\u00f3ximas fechas para vivir un espect\u00e1culo de fuego a cargo del artista callejero Kum-Kum\",\"breadcrumb\":{\"@id\":\"https:\\\/\\\/www.kum-kum.fr\\\/es\\\/agenda\\\/#breadcrumb\"},\"inLanguage\":\"es\",\"potentialAction\":[{\"@type\":\"ReadAction\",\"target\":[\"https:\\\/\\\/www.kum-kum.fr\\\/es\\\/agenda\\\/\"]}]},{\"@type\":\"BreadcrumbList\",\"@id\":\"https:\\\/\\\/www.kum-kum.fr\\\/es\\\/agenda\\\/#breadcrumb\",\"itemListElement\":[{\"@type\":\"ListItem\",\"position\":1,\"name\":\"Accueil\",\"item\":\"https:\\\/\\\/www.kum-kum.fr\\\/es\\\/inicio\\\/\"},{\"@type\":\"ListItem\",\"position\":2,\"name\":\"Agenda\"}]},{\"@type\":\"WebSite\",\"@id\":\"https:\\\/\\\/www.kum-kum.fr\\\/es\\\/#website\",\"url\":\"https:\\\/\\\/www.kum-kum.fr\\\/es\\\/\",\"name\":\"Kum-Kum Artiste de rue\",\"description\":\"\",\"potentialAction\":[{\"@type\":\"SearchAction\",\"target\":{\"@type\":\"EntryPoint\",\"urlTemplate\":\"https:\\\/\\\/www.kum-kum.fr\\\/es\\\/?s={search_term_string}\"},\"query-input\":{\"@type\":\"PropertyValueSpecification\",\"valueRequired\":true,\"valueName\":\"search_term_string\"}}],\"inLanguage\":\"es\"}]}<\/script>\n<!-- \/ Yoast SEO plugin. -->","yoast_head_json":{"title":"Agenda - Kum-Kum Artiste de rue","description":"Descubra las pr\u00f3ximas fechas para vivir un espect\u00e1culo de fuego a cargo del artista callejero Kum-Kum","robots":{"index":"index","follow":"follow","max-snippet":"max-snippet:-1","max-image-preview":"max-image-preview:large","max-video-preview":"max-video-preview:-1"},"canonical":"https:\/\/www.kum-kum.fr\/es\/agenda\/","og_locale":"es_ES","og_type":"article","og_title":"Agenda - Kum-Kum Artiste de rue","og_description":"Descubra las pr\u00f3ximas fechas para vivir un espect\u00e1culo de fuego a cargo del artista callejero Kum-Kum","og_url":"https:\/\/www.kum-kum.fr\/es\/agenda\/","og_site_name":"Kum-Kum Artiste de rue","article_modified_time":"2024-07-23T21:45:16+00:00","twitter_card":"summary_large_image","schema":{"@context":"https:\/\/schema.org","@graph":[{"@type":"WebPage","@id":"https:\/\/www.kum-kum.fr\/es\/agenda\/","url":"https:\/\/www.kum-kum.fr\/es\/agenda\/","name":"Agenda - Kum-Kum Artiste de rue","isPartOf":{"@id":"https:\/\/www.kum-kum.fr\/es\/#website"},"datePublished":"2024-03-10T17:19:32+00:00","dateModified":"2024-07-23T21:45:16+00:00","description":"Descubra las pr\u00f3ximas fechas para vivir un espect\u00e1culo de fuego a cargo del artista callejero Kum-Kum","breadcrumb":{"@id":"https:\/\/www.kum-kum.fr\/es\/agenda\/#breadcrumb"},"inLanguage":"es","potentialAction":[{"@type":"ReadAction","target":["https:\/\/www.kum-kum.fr\/es\/agenda\/"]}]},{"@type":"BreadcrumbList","@id":"https:\/\/www.kum-kum.fr\/es\/agenda\/#breadcrumb","itemListElement":[{"@type":"ListItem","position":1,"name":"Accueil","item":"https:\/\/www.kum-kum.fr\/es\/inicio\/"},{"@type":"ListItem","position":2,"name":"Agenda"}]},{"@type":"WebSite","@id":"https:\/\/www.kum-kum.fr\/es\/#website","url":"https:\/\/www.kum-kum.fr\/es\/","name":"Kum-Kum Artiste de rue","description":"","potentialAction":[{"@type":"SearchAction","target":{"@type":"EntryPoint","urlTemplate":"https:\/\/www.kum-kum.fr\/es\/?s={search_term_string}"},"query-input":{"@type":"PropertyValueSpecification","valueRequired":true,"valueName":"search_term_string"}}],"inLanguage":"es"}]}},"_links":{"self":[{"href":"https:\/\/www.kum-kum.fr\/es\/wp-json\/wp\/v2\/pages\/1438","targetHints":{"allow":["GET"]}}],"collection":[{"href":"https:\/\/www.kum-kum.fr\/es\/wp-json\/wp\/v2\/pages"}],"about":[{"href":"https:\/\/www.kum-kum.fr\/es\/wp-json\/wp\/v2\/types\/page"}],"author":[{"embeddable":true,"href":"https:\/\/www.kum-kum.fr\/es\/wp-json\/wp\/v2\/users\/1"}],"replies":[{"embeddable":true,"href":"https:\/\/www.kum-kum.fr\/es\/wp-json\/wp\/v2\/comments?post=1438"}],"version-history":[{"count":1,"href":"https:\/\/www.kum-kum.fr\/es\/wp-json\/wp\/v2\/pages\/1438\/revisions"}],"predecessor-version":[{"id":1439,"href":"https:\/\/www.kum-kum.fr\/es\/wp-json\/wp\/v2\/pages\/1438\/revisions\/1439"}],"wp:attachment":[{"href":"https:\/\/www.kum-kum.fr\/es\/wp-json\/wp\/v2\/media?parent=1438"}],"curies":[{"name":"wp","href":"https:\/\/api.w.org\/{rel}","templated":true}]}}